{"id":8959,"date":"2021-10-06T11:30:21","date_gmt":"2021-10-06T08:30:21","guid":{"rendered":"https:\/\/ultimapak.com\/?page_id=8959"},"modified":"2024-02-09T18:03:25","modified_gmt":"2024-02-09T15:03:25","slug":"ultimate","status":"publish","type":"page","link":"https:\/\/ultimapak.com\/de\/","title":{"rendered":"Vakuum &#038; Gas Schalen Versiegelungs Maschines"},"content":{"rendered":"<section class=\"l-section wpb_row height_medium with_overlay with_shape\"><div class=\"l-section-overlay\" style=\"background: #f5f5f5\"><\/div><div class=\"l-section-shape type_triangle-2 pos_bottom\" style=\"color:#fff;\"><svg xmlns=\"http:\/\/www.w3.org\/2000\/svg\" viewBox=\"0 0 64 8\" preserveAspectRatio=\"none\" width=\"100%\" height=\"100%\">\r\n\t<path fill=\"currentColor\" d=\"M64 8 L0 8 L0 0 L48 7.9 L64 0 Z\"\/>\r\n<\/svg><\/div><div class=\"l-section-h i-cf\"><div class=\"g-cols vc_row type_default valign_middle\"><div class=\"vc_col-sm-12 wpb_column vc_column_container\"><div class=\"vc_column-inner\"><div class=\"wpb_wrapper\"><div class=\"g-cols wpb_row  type_default valign_middle vc_inner\"><div class=\"vc_col-sm-6 wpb_column vc_column_container\"><div class=\"vc_column-inner\"><div class=\"wpb_wrapper\"><div class=\"w-image align_none\"><div class=\"w-image-h\"><img loading=\"lazy\" decoding=\"async\" width=\"595\" height=\"138\" src=\"https:\/\/ultimapak.com\/wp-content\/uploads\/2021\/10\/image2.png\" class=\"attachment-us_200_0_crop size-us_200_0_crop\" alt=\"\" \/><\/div><\/div><div class=\"w-separator size_small\"><\/div><div class=\"wpb_text_column\" ><div class=\"wpb_wrapper\"><h2><span style=\"color: #ff6600;\"><strong>L\u00e4ngere Haltbarkeit mit Ultimate 200 MAP Traysealer<\/strong><\/span><\/h2>\n<\/div><\/div><div class=\"w-separator size_small\"><\/div><div class=\"wpb_text_column\" ><div class=\"wpb_wrapper\"><h5>Ultimate 200 MAP Traysealer wurde f\u00fcr die Verarbeitung kleiner und mittlerer Lebensmittel entwickelt. Das halbautomatische System erm\u00f6glicht es Ihnen, mit einer Vielzahl von Trays in verschiedenen Formen und Gr\u00f6\u00dfen zu saugen, zu gasen, zu versiegeln und zu schneiden. Der Bediener muss w\u00e4hrend jedes Zyklus nur die Schublade der Maschine beladen.<\/h5>\n<p>Diese platzsparende Einheit ist ideal f\u00fcr den Betrieb mit geringem Volumen und liefert die gleichen Qualit\u00e4tspakete wie gr\u00f6\u00dfere, automatisiertere Systeme. Sein einzigartiges robustes Konstruktionsdesign aus Edelstahl ist ideal f\u00fcr die Lebensmittelindustrie.<\/p>\n<\/div><\/div><div class=\"w-separator size_medium\"><\/div><\/div><\/div><\/div><div class=\"vc_col-sm-6 wpb_column vc_column_container\"><div class=\"vc_column-inner\"><div class=\"wpb_wrapper\"><div class=\"w-image align_center\"><div class=\"w-image-h\"><img loading=\"lazy\" decoding=\"async\" width=\"478\" height=\"463\" src=\"https:\/\/ultimapak.com\/wp-content\/uploads\/2021\/10\/de-urun-p.png\" class=\"attachment-full size-full\" alt=\"\" \/><\/div><\/div><div class=\"w-separator size_medium\"><\/div><\/div><\/div><\/div><\/div><\/div><\/div><\/div><\/div><\/div><\/section><section class=\"l-section wpb_row us_custom_42827c34 height_medium\"><div class=\"l-section-h i-cf\"><div class=\"g-cols vc_row type_default valign_top\"><div class=\"vc_col-sm-12 wpb_column vc_column_container\"><div class=\"vc_column-inner\"><div class=\"wpb_wrapper\"><div class=\"g-cols wpb_row  type_default valign_middle vc_inner\"><div class=\"vc_col-sm-6 wpb_column vc_column_container\"><div class=\"vc_column-inner\"><div class=\"wpb_wrapper\"><div class=\"w-image style_shadow-1 align_center\"><div class=\"w-image-h\"><img loading=\"lazy\" decoding=\"async\" width=\"428\" height=\"285\" src=\"https:\/\/ultimapak.com\/wp-content\/uploads\/2021\/10\/image-8.jpg\" class=\"attachment-large size-large\" alt=\"\" \/><\/div><\/div><\/div><\/div><\/div><div class=\"vc_col-sm-6 wpb_column vc_column_container\"><div class=\"vc_column-inner\"><div class=\"wpb_wrapper\"><div class=\"wpb_text_column\" ><div class=\"wpb_wrapper\"><blockquote>\n<h5>Ultimate 200 MAP Traysealer ist die richtige Wahl, wenn Sie neue Produktlinien auf den Markt bringen, neue Verpackungsideen entwickeln oder wenn Sie einfach nur Ihre aktuelle Produktion sicher verpacken m\u00fcssen.<\/h5>\n<\/blockquote>\n<\/div><\/div><\/div><\/div><\/div><\/div><div class=\"w-separator size_medium\"><\/div><div class=\"g-cols wpb_row  type_default valign_middle vc_inner\"><div class=\"vc_col-sm-6 wpb_column vc_column_container\"><div class=\"vc_column-inner\"><div class=\"wpb_wrapper\"><div class=\"w-image style_shadow-1 align_center\"><div class=\"w-image-h\"><img loading=\"lazy\" decoding=\"async\" width=\"428\" height=\"285\" src=\"https:\/\/ultimapak.com\/wp-content\/uploads\/2021\/10\/image-9.jpg\" class=\"attachment-large size-large\" alt=\"\" \/><\/div><\/div><\/div><\/div><\/div><div class=\"vc_col-sm-6 wpb_column vc_column_container\"><div class=\"vc_column-inner\"><div class=\"wpb_wrapper\"><div class=\"wpb_text_column\" ><div class=\"wpb_wrapper\"><blockquote>\n<h5>H\u00e4lt frische und gekochte Lebensmittel nicht nur verpackt, sondern auch frisch. Lebensmittelgas in geeigneter Funktion f\u00fcr diesen Zweck kann verwendet und mit hoher Pr\u00e4zision eingestellt werden. Es ist weit verbreitet f\u00fcr die Verpackung von rohem und gekochtem Fleisch, Gefl\u00fcgel, Fast Food, Soyprodukten, Meeresfr\u00fcchten, Milchprodukten, Obst und Gem\u00fcse, Reis und Lebensmitteln.<\/h5>\n<\/blockquote>\n<\/div><\/div><\/div><\/div><\/div><\/div><\/div><\/div><\/div><\/div><\/div><\/section><section class=\"l-section wpb_row height_medium\"><div class=\"l-section-h i-cf\"><div class=\"g-cols vc_row type_default valign_top\"><div class=\"vc_col-sm-2 wpb_column vc_column_container\"><div class=\"vc_column-inner\"><div class=\"wpb_wrapper\"><\/div><\/div><\/div><div class=\"vc_col-sm-8 wpb_column vc_column_container\"><div class=\"vc_column-inner\"><div class=\"wpb_wrapper\"><div class=\"wpb_text_column\" ><div class=\"wpb_wrapper\"><h3 style=\"text-align: center;\"><span style=\"color: #ff6600;\"><strong>Wir sch\u00fctzen ihre lebensmittel f\u00fcr nachhaltige frische<\/strong><\/span><\/h3>\n<\/div><\/div><div class=\"w-separator size_small with_line width_30 thick_1 style_solid color_border align_center with_content\"><div class=\"w-separator-h\"><i class=\"fas fa-angle-down\"><\/i><\/div><\/div><div class=\"w-image align_center\"><div class=\"w-image-h\"><img loading=\"lazy\" decoding=\"async\" width=\"1024\" height=\"481\" src=\"https:\/\/ultimapak.com\/wp-content\/uploads\/2021\/10\/TABLO-DE.jpg\" class=\"attachment-large size-large\" alt=\"\" \/><\/div><\/div><div class=\"w-separator size_small\"><\/div><div class=\"wpb_text_column\" ><div class=\"wpb_wrapper\"><h6 style=\"text-align: center;\">* Der Hersteller beh\u00e4lt sich \u00c4nderungen in der Maschinenausf\u00fchrung vor. Die tats\u00e4chliche Maschinenausf\u00fchrung kann von den Abbildungen im Prospekt abweichen.<\/h6>\n<\/div><\/div><\/div><\/div><\/div><div class=\"vc_col-sm-2 wpb_column vc_column_container\"><div class=\"vc_column-inner\"><div class=\"wpb_wrapper\"><\/div><\/div><\/div><\/div><\/div><\/section><section class=\"l-section wpb_row us_custom_bd32fe69 height_medium has_text_color with_overlay with_shape\"><div class=\"l-section-overlay\" style=\"background: #333\"><\/div><div class=\"l-section-shape type_triangle pos_bottom\" style=\"color:#fff;\"><svg xmlns=\"http:\/\/www.w3.org\/2000\/svg\" viewBox=\"0 0 64 8\" preserveAspectRatio=\"none\" width=\"100%\" height=\"100%\">\r\n\t<path fill=\"currentColor\" d=\"M64 8 L0 8 L0 0 L32 7.9 L64 0 Z\"\/>\r\n<\/svg><\/div><div class=\"l-section-h i-cf\"><div class=\"g-cols vc_row type_default valign_top\"><div class=\"vc_col-sm-12 wpb_column vc_column_container\"><div class=\"vc_column-inner\"><div class=\"wpb_wrapper\"><div class=\"wpb_text_column\" ><div class=\"wpb_wrapper\"><h3 style=\"text-align: center;\"><strong>Standard-Funktionen<\/strong><\/h3>\n<\/div><\/div><div class=\"w-separator size_small with_line width_30 thick_1 style_solid color_border align_center with_content\"><div class=\"w-separator-h\"><i class=\"fas fa-angle-down\"><\/i><\/div><\/div><div class=\"g-cols wpb_row  type_default valign_top gap-30px vc_inner\"><style>.g-cols.gap-30px{margin:0 calc(-1.5rem - 30px)}.gap-30px > .vc_column_container {padding:30px}<\/style><div class=\"vc_col-sm-4 wpb_column vc_column_container\"><div class=\"vc_column-inner\"><div class=\"wpb_wrapper\"><div class=\"w-image style_outlined align_center\"><div class=\"w-image-h\"><img loading=\"lazy\" decoding=\"async\" width=\"440\" height=\"343\" src=\"https:\/\/ultimapak.com\/wp-content\/uploads\/2021\/10\/image-1.jpg\" class=\"attachment-us_300_0_crop size-us_300_0_crop\" alt=\"\" \/><\/div><\/div><div class=\"w-separator size_small\"><\/div><div class=\"wpb_text_column\" ><div class=\"wpb_wrapper\"><ul>\n<li>Gro\u00dfformatige 325&#215;265 mm Dichtfl\u00e4che &#8211;<\/li>\n<li>Gas flushing &#038; Vacuum Funktion f\u00fcr Anwendungen, die modifizierte Atmosph\u00e4ren erfordern (MAP)<\/li>\n<li>Automatische Folienabdichtung &#038; Trimmen und Schrottaufwickeln<\/li>\n<li>Optionale klare oder zuf\u00e4llig gedruckte Top-Film-F\u00e4higkeit<\/li>\n<li>Kundenspezifische Formgr\u00f6\u00dfen und -merkmale auf Anfrage<\/li>\n<\/ul>\n<\/div><\/div><div class=\"w-separator size_small\"><\/div><\/div><\/div><\/div><div class=\"vc_col-sm-4 wpb_column vc_column_container\"><div class=\"vc_column-inner\"><div class=\"wpb_wrapper\"><div class=\"w-image style_outlined align_center\"><div class=\"w-image-h\"><img loading=\"lazy\" decoding=\"async\" width=\"440\" height=\"343\" src=\"https:\/\/ultimapak.com\/wp-content\/uploads\/2021\/10\/image-2.jpg\" class=\"attachment-us_300_0_crop size-us_300_0_crop\" alt=\"\" \/><\/div><\/div><div class=\"w-separator size_small\"><\/div><div class=\"wpb_text_column\" ><div class=\"wpb_wrapper\"><ul>\n<li>Benutzerfreundliches Touchscreen-LCD-Bedienfeld<\/li>\n<li>Hauptstrom-\/Heizungs-AUS\/EIN-Schalter<\/li>\n<li>Elektronische Temperaturregelung<\/li>\n<li>Sicherheitsschild f\u00fcr Bediener<\/li>\n<li>Schnellwechselfunktion<\/li>\n<li>Kein Luftkompressor zum Abdichten und Schneiden von Folien erforderlich<\/li>\n<li>Wechselbares Werkzeugsystem<\/li>\n<\/ul>\n<\/div><\/div><div class=\"w-separator size_small\"><\/div><\/div><\/div><\/div><div class=\"vc_col-sm-4 wpb_column vc_column_container\"><div class=\"vc_column-inner\"><div class=\"wpb_wrapper\"><div class=\"w-image style_outlined align_center\"><div class=\"w-image-h\"><img loading=\"lazy\" decoding=\"async\" width=\"440\" height=\"343\" src=\"https:\/\/ultimapak.com\/wp-content\/uploads\/2021\/10\/image-3.jpg\" class=\"attachment-us_300_0_crop size-us_300_0_crop\" alt=\"\" \/><\/div><\/div><div class=\"w-separator size_small\"><\/div><div class=\"wpb_text_column\" ><div class=\"wpb_wrapper\"><ul>\n<li>Ohne Vibrations-Arbeitsfunktion<\/li>\n<li>Pr\u00e4zisions-Filmschneidesystem<\/li>\n<li>Hocheffiziente Vakuumpumpe<\/li>\n<li>Inertgaseinspritzsystem<\/li>\n<li>Rollen (*nur f\u00fcr Stand-alone-Version verf\u00fcgbar)<\/li>\n<li>AISI 304 Edelstahlkonstruktion<\/li>\n<li>CE-zertifiziert<\/li>\n<\/ul>\n<\/div><\/div><div class=\"w-separator size_small\"><\/div><\/div><\/div><\/div><\/div><\/div><\/div><\/div><\/div><\/div><\/section><section class=\"l-section wpb_row height_medium\"><div class=\"l-section-h i-cf\"><div class=\"g-cols vc_row type_default valign_top\"><div class=\"vc_col-sm-12 wpb_column vc_column_container\"><div class=\"vc_column-inner\"><div class=\"wpb_wrapper\"><div class=\"wpb_text_column\" ><div class=\"wpb_wrapper\"><h3 style=\"text-align: center;\"><strong>Tray-Optionen<\/strong><\/h3>\n<\/div><\/div><div class=\"w-separator size_small with_line width_30 thick_1 style_solid color_border align_center with_content\"><div class=\"w-separator-h\"><i class=\"fas fa-angle-down\"><\/i><\/div><\/div><div class=\"g-cols wpb_row  type_default valign_top gap-10px vc_inner\"><style>.g-cols.gap-10px{margin:0 calc(-1.5rem - 10px)}.gap-10px > .vc_column_container {padding:10px}<\/style><div class=\"vc_col-sm-3 wpb_column vc_column_container\"><div class=\"vc_column-inner\"><div class=\"wpb_wrapper\"><div class=\"w-image align_center\"><div class=\"w-image-h\"><img loading=\"lazy\" decoding=\"async\" width=\"260\" height=\"209\" src=\"https:\/\/ultimapak.com\/wp-content\/uploads\/2021\/10\/image4.png\" class=\"attachment-large size-large\" alt=\"\" \/><\/div><\/div><div class=\"w-separator size_small\"><\/div><div class=\"wpb_text_column\" ><div class=\"wpb_wrapper\"><h6 style=\"text-align: center;\"><strong>325 x 265 mm<\/strong><\/h6>\n<\/div><\/div><\/div><\/div><\/div><div class=\"vc_col-sm-3 wpb_column vc_column_container\"><div class=\"vc_column-inner\"><div class=\"wpb_wrapper\"><div class=\"w-image align_center\"><div class=\"w-image-h\"><img loading=\"lazy\" decoding=\"async\" width=\"260\" height=\"209\" src=\"https:\/\/ultimapak.com\/wp-content\/uploads\/2021\/10\/image5.png\" class=\"attachment-large size-large\" alt=\"\" \/><\/div><\/div><div class=\"w-separator size_small\"><\/div><div class=\"wpb_text_column\" ><div class=\"wpb_wrapper\"><h6 style=\"text-align: center;\"><strong>227 x 178 mm<\/strong><\/h6>\n<\/div><\/div><\/div><\/div><\/div><div class=\"vc_col-sm-3 wpb_column vc_column_container\"><div class=\"vc_column-inner\"><div class=\"wpb_wrapper\"><div class=\"w-image align_center\"><div class=\"w-image-h\"><img loading=\"lazy\" decoding=\"async\" width=\"260\" height=\"209\" src=\"https:\/\/ultimapak.com\/wp-content\/uploads\/2021\/10\/image6.png\" class=\"attachment-large size-large\" alt=\"\" \/><\/div><\/div><div class=\"w-separator size_small\"><\/div><div class=\"wpb_text_column\" ><div class=\"wpb_wrapper\"><h6 style=\"text-align: center;\"><strong>190 x 144 mm<\/strong><\/h6>\n<\/div><\/div><\/div><\/div><\/div><div class=\"vc_col-sm-3 wpb_column vc_column_container\"><div class=\"vc_column-inner\"><div class=\"wpb_wrapper\"><div class=\"w-image align_center\"><div class=\"w-image-h\"><img loading=\"lazy\" decoding=\"async\" width=\"260\" height=\"209\" src=\"https:\/\/ultimapak.com\/wp-content\/uploads\/2021\/10\/image7.png\" class=\"attachment-large size-large\" alt=\"\" \/><\/div><\/div><div class=\"w-separator size_small\"><\/div><div class=\"wpb_text_column\" ><div class=\"wpb_wrapper\"><h6 style=\"text-align: center;\"><strong>\u00d8 220<\/strong><\/h6>\n<\/div><\/div><\/div><\/div><\/div><\/div><div class=\"w-separator size_small\"><\/div><\/div><\/div><\/div><\/div><\/div><\/section><section class=\"l-section wpb_row height_medium\"><div class=\"l-section-h i-cf\"><div class=\"g-cols vc_row type_default valign_middle\"><div class=\"vc_col-sm-9 wpb_column vc_column_container\"><div class=\"vc_column-inner\"><div class=\"wpb_wrapper\"><div class=\"g-cols wpb_row  us_custom_cf3a3c57 type_default valign_middle vc_inner\"><div class=\"vc_col-sm-6 wpb_column vc_column_container\"><div class=\"vc_column-inner\"><div class=\"wpb_wrapper\"><div class=\"w-video align_left ratio_16x9\"><div class=\"w-video-h\"><iframe src=\"\/\/www.youtube.com\/embed\/-QBN5LqA6Hs?autoplay=0&controls=1&origin=https%3A%2F%2Fultimapak.com\" allowfullscreen=\"1\"><\/iframe><\/div><div class=\"w-video-icon\" style=\"font-size:1.5rem;background:rgba(0,0,0,0.5);color:#fff;\"><\/div><\/div><\/div><\/div><\/div><div class=\"vc_col-sm-6 wpb_column vc_column_container\"><div class=\"vc_column-inner\"><div class=\"wpb_wrapper\"><div class=\"wpb_text_column\" ><div class=\"wpb_wrapper\"><h4 style=\"text-align: left;\"><strong>DIE BROSCH\u00dcRE HERUNTERLADEN<\/strong><\/h4>\n<p style=\"text-align: left;\">Um den Produktkatalog herunterzuladen klicken Sie auf den Button.<\/p>\n<\/div><\/div><div class=\"w-separator size_small\"><\/div><div class=\"w-btn-wrapper width_auto align_left\"><a class=\"w-btn us-btn-style_1\" href=\"https:\/\/ultimapak.com\/wp-content\/uploads\/2021\/10\/ultimate-tray-sealer-brochure-DE.pdf\"><span class=\"w-btn-label\">PDF Herunterladen<\/span><\/a><\/div><div class=\"w-separator size_small\"><\/div><\/div><\/div><\/div><\/div><\/div><\/div><\/div><div class=\"vc_col-sm-3 wpb_column vc_column_container\"><div class=\"vc_column-inner\"><div class=\"wpb_wrapper\"><div class=\"g-cols wpb_row  type_default valign_top vc_inner\"><div class=\"vc_col-sm-12 wpb_column vc_column_container\"><div class=\"vc_column-inner\"><div class=\"wpb_wrapper\"><div class=\"w-image align_center\"><div class=\"w-image-h\"><img loading=\"lazy\" decoding=\"async\" width=\"528\" height=\"172\" src=\"https:\/\/ultimapak.com\/wp-content\/uploads\/2021\/10\/LOGOLAR.jpg\" class=\"attachment-us_200_0_crop size-us_200_0_crop\" alt=\"\" \/><\/div><\/div><\/div><\/div><\/div><\/div><\/div><\/div><\/div><\/div><\/div><\/section>\n","protected":false},"excerpt":{"rendered":"","protected":false},"author":2,"featured_media":0,"parent":0,"menu_order":0,"comment_status":"closed","ping_status":"closed","template":"","meta":{"footnotes":""},"_links":{"self":[{"href":"https:\/\/ultimapak.com\/de\/wp-json\/wp\/v2\/pages\/8959"}],"collection":[{"href":"https:\/\/ultimapak.com\/de\/wp-json\/wp\/v2\/pages"}],"about":[{"href":"https:\/\/ultimapak.com\/de\/wp-json\/wp\/v2\/types\/page"}],"author":[{"embeddable":true,"href":"https:\/\/ultimapak.com\/de\/wp-json\/wp\/v2\/users\/2"}],"replies":[{"embeddable":true,"href":"https:\/\/ultimapak.com\/de\/wp-json\/wp\/v2\/comments?post=8959"}],"version-history":[{"count":119,"href":"https:\/\/ultimapak.com\/de\/wp-json\/wp\/v2\/pages\/8959\/revisions"}],"predecessor-version":[{"id":9471,"href":"https:\/\/ultimapak.com\/de\/wp-json\/wp\/v2\/pages\/8959\/revisions\/9471"}],"wp:attachment":[{"href":"https:\/\/ultimapak.com\/de\/wp-json\/wp\/v2\/media?parent=8959"}],"curies":[{"name":"wp","href":"https:\/\/api.w.org\/{rel}","templated":true}]}}