{"id":8959,"date":"2021-10-06T11:30:21","date_gmt":"2021-10-06T08:30:21","guid":{"rendered":"https:\/\/ultimapak.com\/?page_id=8959"},"modified":"2024-02-09T18:03:25","modified_gmt":"2024-02-09T15:03:25","slug":"ultimate","status":"publish","type":"page","link":"https:\/\/ultimapak.com\/fr\/","title":{"rendered":"Ultimate Packaging Experience"},"content":{"rendered":"<section class=\"l-section wpb_row height_medium with_overlay with_shape\"><div class=\"l-section-overlay\" style=\"background: #f5f5f5\"><\/div><div class=\"l-section-shape type_triangle-2 pos_bottom\" style=\"color:#fff;\"><svg xmlns=\"http:\/\/www.w3.org\/2000\/svg\" viewBox=\"0 0 64 8\" preserveAspectRatio=\"none\" width=\"100%\" height=\"100%\">\r\n\t<path fill=\"currentColor\" d=\"M64 8 L0 8 L0 0 L48 7.9 L64 0 Z\"\/>\r\n<\/svg><\/div><div class=\"l-section-h i-cf\"><div class=\"g-cols vc_row type_default valign_top\"><div class=\"vc_col-sm-12 wpb_column vc_column_container\"><div class=\"vc_column-inner\"><div class=\"wpb_wrapper\"><div class=\"g-cols wpb_row  type_default valign_middle vc_inner\"><div class=\"vc_col-sm-8 wpb_column vc_column_container\"><div class=\"vc_column-inner\"><div class=\"wpb_wrapper\"><div class=\"w-image align_none\"><div class=\"w-image-h\"><img loading=\"lazy\" decoding=\"async\" width=\"595\" height=\"138\" src=\"https:\/\/ultimapak.com\/wp-content\/uploads\/2021\/10\/image2.png\" class=\"attachment-us_200_0_crop size-us_200_0_crop\" alt=\"\" \/><\/div><\/div><div class=\"w-separator size_small\"><\/div><div class=\"wpb_text_column\" ><div class=\"wpb_wrapper\"><h3><span style=\"color: #ff6600;\"><b>Allongez la dur\u00e9e de vie de vos produits gr\u00e2ce \u00e0 l\u2019<\/b><b>operculeuse<\/b><b> \u00e0 barquettes Ultima 200 MAP<\/b><\/span><\/h3>\n<\/div><\/div><div class=\"w-separator size_small\"><\/div><div class=\"wpb_text_column\" ><div class=\"wpb_wrapper\"><h5>L\u2019operculeuse \u00e0 barquettes Ultimate 200 MAP est con\u00e7ue pour les op\u00e9rations d\u2019emballage alimentaire de petite et moyenne taille. Le syst\u00e8me semi-automatique permet de sceller des barquettes de diff\u00e9rentes formes et tailles sous vide. Dans ce processus, l\u2019op\u00e9rateur doit seulement g\u00e9rer le chargement des moules \u00e0 barquettes dans le tiroir de la machine \u00e0 chaque cycle.<\/h5>\n<p>Id\u00e9ale pour les op\u00e9rations peu encombrante et d\u2019un petit volume, cette machine fournira des emballages d\u2019une qualit\u00e9 \u00e9galant celle des syst\u00e8mes automatiques les plus grands. Sa robustesse et son acier inoxydable sont par ailleurs un atout de taille pour l\u2019industrie alimentaire.<\/p>\n<\/div><\/div><div class=\"w-separator size_medium\"><\/div><\/div><\/div><\/div><div class=\"vc_col-sm-4 wpb_column vc_column_container\"><div class=\"vc_column-inner\"><div class=\"wpb_wrapper\"><div class=\"w-separator size_medium\"><\/div><div class=\"w-image align_right\"><div class=\"w-image-h\"><img loading=\"lazy\" decoding=\"async\" width=\"478\" height=\"463\" src=\"https:\/\/ultimapak.com\/wp-content\/uploads\/2021\/10\/fr-urun-p2.png\" class=\"attachment-full size-full\" alt=\"\" \/><\/div><\/div><div class=\"w-separator size_medium\"><\/div><\/div><\/div><\/div><\/div><\/div><\/div><\/div><\/div><\/div><\/section><section class=\"l-section wpb_row us_custom_42827c34 height_medium\"><div class=\"l-section-h i-cf\"><div class=\"g-cols vc_row type_default valign_top\"><div class=\"vc_col-sm-12 wpb_column vc_column_container\"><div class=\"vc_column-inner\"><div class=\"wpb_wrapper\"><div class=\"g-cols wpb_row  type_default valign_middle vc_inner\"><div class=\"vc_col-sm-6 wpb_column vc_column_container\"><div class=\"vc_column-inner\"><div class=\"wpb_wrapper\"><div class=\"w-image style_shadow-1 align_center\"><div class=\"w-image-h\"><img loading=\"lazy\" decoding=\"async\" width=\"428\" height=\"285\" src=\"https:\/\/ultimapak.com\/wp-content\/uploads\/2021\/10\/image-8.jpg\" class=\"attachment-large size-large\" alt=\"\" \/><\/div><\/div><\/div><\/div><\/div><div class=\"vc_col-sm-6 wpb_column vc_column_container\"><div class=\"vc_column-inner\"><div class=\"wpb_wrapper\"><div class=\"wpb_text_column\" ><div class=\"wpb_wrapper\"><blockquote>\n<h5>L\u2019Ultimate 200 MAP est le meilleur choix lors du lancement de vos nouvelles gammes de produits, du d\u00e9veloppement de nouvelles id\u00e9es d\u2019emballage ou pour tout autre besoin d\u2019emballer vos aliments en toute s\u00e9curit\u00e9<\/h5>\n<\/blockquote>\n<\/div><\/div><\/div><\/div><\/div><\/div><div class=\"w-separator size_medium\"><\/div><div class=\"g-cols wpb_row  type_default valign_middle vc_inner\"><div class=\"vc_col-sm-6 wpb_column vc_column_container\"><div class=\"vc_column-inner\"><div class=\"wpb_wrapper\"><div class=\"w-image style_shadow-1 align_center\"><div class=\"w-image-h\"><img loading=\"lazy\" decoding=\"async\" width=\"428\" height=\"285\" src=\"https:\/\/ultimapak.com\/wp-content\/uploads\/2021\/10\/image-9.jpg\" class=\"attachment-large size-large\" alt=\"\" \/><\/div><\/div><\/div><\/div><\/div><div class=\"vc_col-sm-6 wpb_column vc_column_container\"><div class=\"vc_column-inner\"><div class=\"wpb_wrapper\"><div class=\"wpb_text_column\" ><div class=\"wpb_wrapper\"><blockquote>\n<h5>Que vos produits soient frais ou cuits, UltimaTE 200 MAP permet une conservation optimale, sans perte de qualit\u00e9 gustative. Du gaz alimentaire peut \u00eatre utilis\u00e9 \u00e0 cette fin et peut \u00eatre r\u00e9gl\u00e9 avec une grande pr\u00e9cision. Il est largement utilis\u00e9 pour l\u2019emballage de barquettes de viande crue et cuite, de volaille, de restauration rapide, de produits \u00e0 base de soja, de fruits de mer, de produits laitiers, de fruits et l\u00e9gumes, de riz et de divers aliments.<\/h5>\n<\/blockquote>\n<\/div><\/div><\/div><\/div><\/div><\/div><\/div><\/div><\/div><\/div><\/div><\/section><section class=\"l-section wpb_row height_medium\"><div class=\"l-section-h i-cf\"><div class=\"g-cols vc_row type_default valign_top\"><div class=\"vc_col-sm-2 wpb_column vc_column_container\"><div class=\"vc_column-inner\"><div class=\"wpb_wrapper\"><\/div><\/div><\/div><div class=\"vc_col-sm-8 wpb_column vc_column_container\"><div class=\"vc_column-inner\"><div class=\"wpb_wrapper\"><div class=\"wpb_text_column\" ><div class=\"wpb_wrapper\"><h3 style=\"text-align: center;\"><span style=\"color: #ff6600;\"><strong>Nous prot\u00e9geons vos aliments pour une fra\u00eecheur durable<\/strong><\/span><\/h3>\n<\/div><\/div><div class=\"w-separator size_small with_line width_30 thick_1 style_solid color_border align_center with_content\"><div class=\"w-separator-h\"><i class=\"fas fa-angle-down\"><\/i><\/div><\/div><div class=\"w-image align_none\"><div class=\"w-image-h\"><img loading=\"lazy\" decoding=\"async\" width=\"1024\" height=\"490\" src=\"https:\/\/ultimapak.com\/wp-content\/uploads\/2021\/10\/TABLO-FR-.jpg\" class=\"attachment-large size-large\" alt=\"\" \/><\/div><\/div><div class=\"w-separator size_small\"><\/div><div class=\"wpb_text_column\" ><div class=\"wpb_wrapper\"><h6>* Le fabricant se r\u00e9serve le droit d&rsquo;apporter des modifications \u00e0 la conception des machines. La conception r\u00e9elle de la machine peut diff\u00e9rer des images de la brochure.<\/h6>\n<\/div><\/div><\/div><\/div><\/div><div class=\"vc_col-sm-2 wpb_column vc_column_container\"><div class=\"vc_column-inner\"><div class=\"wpb_wrapper\"><\/div><\/div><\/div><\/div><\/div><\/section><section class=\"l-section wpb_row us_custom_bd32fe69 height_medium has_text_color with_overlay with_shape\"><div class=\"l-section-overlay\" style=\"background: #333\"><\/div><div class=\"l-section-shape type_triangle pos_bottom\" style=\"color:#fff;\"><svg xmlns=\"http:\/\/www.w3.org\/2000\/svg\" viewBox=\"0 0 64 8\" preserveAspectRatio=\"none\" width=\"100%\" height=\"100%\">\r\n\t<path fill=\"currentColor\" d=\"M64 8 L0 8 L0 0 L32 7.9 L64 0 Z\"\/>\r\n<\/svg><\/div><div class=\"l-section-h i-cf\"><div class=\"g-cols vc_row type_default valign_top\"><div class=\"vc_col-sm-12 wpb_column vc_column_container\"><div class=\"vc_column-inner\"><div class=\"wpb_wrapper\"><div class=\"wpb_text_column\" ><div class=\"wpb_wrapper\"><h3 style=\"text-align: center;\"><strong>Caract\u00e9ristiques<\/strong><\/h3>\n<\/div><\/div><div class=\"w-separator size_small with_line width_30 thick_1 style_solid color_border align_center with_content\"><div class=\"w-separator-h\"><i class=\"fas fa-angle-down\"><\/i><\/div><\/div><div class=\"g-cols wpb_row  type_default valign_top gap-30px vc_inner\"><style>.g-cols.gap-30px{margin:0 calc(-1.5rem - 30px)}.gap-30px > .vc_column_container {padding:30px}<\/style><div class=\"vc_col-sm-4 wpb_column vc_column_container\"><div class=\"vc_column-inner\"><div class=\"wpb_wrapper\"><div class=\"w-image style_outlined align_center\"><div class=\"w-image-h\"><img loading=\"lazy\" decoding=\"async\" width=\"440\" height=\"343\" src=\"https:\/\/ultimapak.com\/wp-content\/uploads\/2021\/10\/image-1.jpg\" class=\"attachment-us_300_0_crop size-us_300_0_crop\" alt=\"\" \/><\/div><\/div><div class=\"w-separator size_small\"><\/div><div class=\"wpb_text_column\" ><div class=\"wpb_wrapper\"><ul>\n<li>Possibilit\u00e9 d&rsquo;utiliser des bacs grand format jusqu&rsquo;\u00e0 325&#215;265 mm<\/li>\n<li>Capacit\u00e9 de gaz et de vide pour les applications n\u00e9cessitant une atmosph\u00e8re modifi\u00e9e (MAP)<\/li>\n<li>Film de scellage, de coupe et de rembobinage automatique du film de d\u00e9chets<\/li>\n<li>Fonctionnalit\u00e9 de film sup\u00e9rieur transparent ou imprim\u00e9 au hasard en option<\/li>\n<\/ul>\n<\/div><\/div><div class=\"w-separator size_small\"><\/div><\/div><\/div><\/div><div class=\"vc_col-sm-4 wpb_column vc_column_container\"><div class=\"vc_column-inner\"><div class=\"wpb_wrapper\"><div class=\"w-image style_outlined align_center\"><div class=\"w-image-h\"><img loading=\"lazy\" decoding=\"async\" width=\"440\" height=\"343\" src=\"https:\/\/ultimapak.com\/wp-content\/uploads\/2021\/10\/image-2.jpg\" class=\"attachment-us_300_0_crop size-us_300_0_crop\" alt=\"\" \/><\/div><\/div><div class=\"w-separator size_small\"><\/div><div class=\"wpb_text_column\" ><div class=\"wpb_wrapper\"><ul>\n<li>Moule suppl\u00e9mentaire en option qui peut \u00eatre con\u00e7u et produit dans des dimensions sp\u00e9ciales selon la demande<\/li>\n<li>Syst\u00e8me de moules interchangeables<\/li>\n<li>Panneau de commande LCD \u00e0 \u00e9cran tactile convivial<\/li>\n<li>Interrupteur d&rsquo;alimentation principale\/chauffage OFF\/ON<\/li>\n<li>Contr\u00f4le \u00e9lectronique de la temp\u00e9rature<\/li>\n<li>Plaque de s\u00e9curit\u00e9 pour l&rsquo;op\u00e9rateur<\/li>\n<li>Changement de moule rapide et pratique<\/li>\n<\/ul>\n<\/div><\/div><div class=\"w-separator size_small\"><\/div><\/div><\/div><\/div><div class=\"vc_col-sm-4 wpb_column vc_column_container\"><div class=\"vc_column-inner\"><div class=\"wpb_wrapper\"><div class=\"w-image style_outlined align_center\"><div class=\"w-image-h\"><img loading=\"lazy\" decoding=\"async\" width=\"440\" height=\"343\" src=\"https:\/\/ultimapak.com\/wp-content\/uploads\/2021\/10\/image-3.jpg\" class=\"attachment-us_300_0_crop size-us_300_0_crop\" alt=\"\" \/><\/div><\/div><div class=\"w-separator size_small\"><\/div><div class=\"wpb_text_column\" ><div class=\"wpb_wrapper\"><ul>\n<li>Ne n\u00e9cessite pas d&rsquo;air comprim\u00e9 pour sceller et couper le film<\/li>\n<li>Fonctionnement sans vibration<\/li>\n<li>Syst\u00e8me de d\u00e9coupe de film pr\u00e9cis<\/li>\n<li>Pompe \u00e0 vide \u00e0 haut rendement<\/li>\n<li>Syst\u00e8me d&rsquo;injection de gaz inerte<\/li>\n<li>Roulettes (*uniquement disponible pour la version autoportante)<\/li>\n<li>Construction en acier inoxydable AISI 304<\/li>\n<li>Certifi\u00e9 CE<\/li>\n<\/ul>\n<\/div><\/div><div class=\"w-separator size_small\"><\/div><\/div><\/div><\/div><\/div><\/div><\/div><\/div><\/div><\/div><\/section><section class=\"l-section wpb_row height_medium\"><div class=\"l-section-h i-cf\"><div class=\"g-cols vc_row type_default valign_top\"><div class=\"vc_col-sm-12 wpb_column vc_column_container\"><div class=\"vc_column-inner\"><div class=\"wpb_wrapper\"><div class=\"wpb_text_column\" ><div class=\"wpb_wrapper\"><h3 style=\"text-align: center;\"><b>Vari\u00e9t\u00e9s de matrice <\/b><\/h3>\n<\/div><\/div><div class=\"w-separator size_small with_line width_30 thick_1 style_solid color_border align_center with_content\"><div class=\"w-separator-h\"><i class=\"fas fa-angle-down\"><\/i><\/div><\/div><div class=\"g-cols wpb_row  type_default valign_top gap-10px vc_inner\"><style>.g-cols.gap-10px{margin:0 calc(-1.5rem - 10px)}.gap-10px > .vc_column_container {padding:10px}<\/style><div class=\"vc_col-sm-3 wpb_column vc_column_container\"><div class=\"vc_column-inner\"><div class=\"wpb_wrapper\"><div class=\"w-image align_center\"><div class=\"w-image-h\"><img loading=\"lazy\" decoding=\"async\" width=\"260\" height=\"209\" src=\"https:\/\/ultimapak.com\/wp-content\/uploads\/2021\/10\/image4.png\" class=\"attachment-large size-large\" alt=\"\" \/><\/div><\/div><div class=\"w-separator size_small\"><\/div><div class=\"wpb_text_column\" ><div class=\"wpb_wrapper\"><h6 style=\"text-align: center;\"><strong>325 x 265 mm<\/strong><\/h6>\n<\/div><\/div><\/div><\/div><\/div><div class=\"vc_col-sm-3 wpb_column vc_column_container\"><div class=\"vc_column-inner\"><div class=\"wpb_wrapper\"><div class=\"w-image align_center\"><div class=\"w-image-h\"><img loading=\"lazy\" decoding=\"async\" width=\"260\" height=\"209\" src=\"https:\/\/ultimapak.com\/wp-content\/uploads\/2021\/10\/image5.png\" class=\"attachment-large size-large\" alt=\"\" \/><\/div><\/div><div class=\"w-separator size_small\"><\/div><div class=\"wpb_text_column\" ><div class=\"wpb_wrapper\"><h6 style=\"text-align: center;\"><strong>227 x 178 mm<\/strong><\/h6>\n<\/div><\/div><\/div><\/div><\/div><div class=\"vc_col-sm-3 wpb_column vc_column_container\"><div class=\"vc_column-inner\"><div class=\"wpb_wrapper\"><div class=\"w-image align_center\"><div class=\"w-image-h\"><img loading=\"lazy\" decoding=\"async\" width=\"260\" height=\"209\" src=\"https:\/\/ultimapak.com\/wp-content\/uploads\/2021\/10\/image6.png\" class=\"attachment-large size-large\" alt=\"\" \/><\/div><\/div><div class=\"w-separator size_small\"><\/div><div class=\"wpb_text_column\" ><div class=\"wpb_wrapper\"><h6 style=\"text-align: center;\"><strong>190 x 144 mm<\/strong><\/h6>\n<\/div><\/div><\/div><\/div><\/div><div class=\"vc_col-sm-3 wpb_column vc_column_container\"><div class=\"vc_column-inner\"><div class=\"wpb_wrapper\"><div class=\"w-image align_center\"><div class=\"w-image-h\"><img loading=\"lazy\" decoding=\"async\" width=\"260\" height=\"209\" src=\"https:\/\/ultimapak.com\/wp-content\/uploads\/2021\/10\/image7.png\" class=\"attachment-large size-large\" alt=\"\" \/><\/div><\/div><div class=\"w-separator size_small\"><\/div><div class=\"wpb_text_column\" ><div class=\"wpb_wrapper\"><h6 style=\"text-align: center;\"><strong>\u00d8 220<\/strong><\/h6>\n<\/div><\/div><\/div><\/div><\/div><\/div><div class=\"w-separator size_small\"><\/div><\/div><\/div><\/div><\/div><\/div><\/section><section class=\"l-section wpb_row height_medium\"><div class=\"l-section-h i-cf\"><div class=\"g-cols vc_row type_default valign_middle\"><div class=\"vc_col-sm-9 wpb_column vc_column_container\"><div class=\"vc_column-inner\"><div class=\"wpb_wrapper\"><div class=\"g-cols wpb_row  us_custom_cf3a3c57 type_default valign_middle vc_inner\"><div class=\"vc_col-sm-6 wpb_column vc_column_container\"><div class=\"vc_column-inner\"><div class=\"wpb_wrapper\"><div class=\"w-video align_left ratio_16x9\"><div class=\"w-video-h\"><iframe src=\"\/\/www.youtube.com\/embed\/-QBN5LqA6Hs?autoplay=0&controls=1&origin=https%3A%2F%2Fultimapak.com\" allowfullscreen=\"1\"><\/iframe><\/div><div class=\"w-video-icon\" style=\"font-size:1.5rem;background:rgba(0,0,0,0.5);color:#fff;\"><\/div><\/div><\/div><\/div><\/div><div class=\"vc_col-sm-6 wpb_column vc_column_container\"><div class=\"vc_column-inner\"><div class=\"wpb_wrapper\"><div class=\"wpb_text_column\" ><div class=\"wpb_wrapper\"><h4 style=\"text-align: left;\"><strong>T\u00c9L\u00c9CHARGER LA BROCHURE<\/strong><\/h4>\n<p style=\"text-align: left;\">Pour t\u00e9l\u00e9charger le catalogue produit cliquez sur le bouton<\/p>\n<\/div><\/div><div class=\"w-separator size_small\"><\/div><div class=\"w-btn-wrapper width_auto align_left\"><a class=\"w-btn us-btn-style_1\" href=\"https:\/\/ultimapak.com\/wp-content\/uploads\/2021\/10\/ultimate-tray-sealer-brochure-FR.pdf\"><span class=\"w-btn-label\">T\u00e9l\u00e9charger PDF<\/span><\/a><\/div><div class=\"w-separator size_small\"><\/div><\/div><\/div><\/div><\/div><\/div><\/div><\/div><div class=\"vc_col-sm-3 wpb_column vc_column_container\"><div class=\"vc_column-inner\"><div class=\"wpb_wrapper\"><div class=\"g-cols wpb_row  type_default valign_top vc_inner\"><div class=\"vc_col-sm-12 wpb_column vc_column_container\"><div class=\"vc_column-inner\"><div class=\"wpb_wrapper\"><div class=\"w-image align_center\"><div class=\"w-image-h\"><img loading=\"lazy\" decoding=\"async\" width=\"528\" height=\"172\" src=\"https:\/\/ultimapak.com\/wp-content\/uploads\/2021\/10\/LOGOLAR.jpg\" class=\"attachment-us_200_0_crop size-us_200_0_crop\" alt=\"\" \/><\/div><\/div><\/div><\/div><\/div><\/div><\/div><\/div><\/div><\/div><\/div><\/section><section class=\"l-section wpb_row height_auto with_overlay\"><div class=\"l-section-overlay\" style=\"background: #0387af\"><\/div><div class=\"l-section-h i-cf\"><div class=\"g-cols vc_row type_default valign_top\"><div class=\"vc_col-sm-12 wpb_column vc_column_container\"><div class=\"vc_column-inner\"><div class=\"wpb_wrapper\"><div class=\"w-separator size_custom\" style=\"height:15px;\"><\/div><div class=\"wpb_text_column\" ><div class=\"wpb_wrapper\"><p style=\"text-align: center;\"><span style=\"color: #ffffff;\">B.I.S. Business Intelligence Solutions Sahray\u0131cedit Mah. \u0130n\u00f6n\u00fc Cad. No: 57\/2 Kad\u0131k\u00f6y \/ \u0130stanbul \/ TURKEY M. +33 6 72 33 73 05 | contact@bismc.com<\/span><\/p>\n<\/div><\/div><div class=\"w-separator size_custom\" style=\"height:15px;\"><\/div><\/div><\/div><\/div><\/div><\/div><\/section>\n","protected":false},"excerpt":{"rendered":"","protected":false},"author":2,"featured_media":0,"parent":0,"menu_order":0,"comment_status":"closed","ping_status":"closed","template":"","meta":{"footnotes":""},"_links":{"self":[{"href":"https:\/\/ultimapak.com\/fr\/wp-json\/wp\/v2\/pages\/8959"}],"collection":[{"href":"https:\/\/ultimapak.com\/fr\/wp-json\/wp\/v2\/pages"}],"about":[{"href":"https:\/\/ultimapak.com\/fr\/wp-json\/wp\/v2\/types\/page"}],"author":[{"embeddable":true,"href":"https:\/\/ultimapak.com\/fr\/wp-json\/wp\/v2\/users\/2"}],"replies":[{"embeddable":true,"href":"https:\/\/ultimapak.com\/fr\/wp-json\/wp\/v2\/comments?post=8959"}],"version-history":[{"count":119,"href":"https:\/\/ultimapak.com\/fr\/wp-json\/wp\/v2\/pages\/8959\/revisions"}],"predecessor-version":[{"id":9471,"href":"https:\/\/ultimapak.com\/fr\/wp-json\/wp\/v2\/pages\/8959\/revisions\/9471"}],"wp:attachment":[{"href":"https:\/\/ultimapak.com\/fr\/wp-json\/wp\/v2\/media?parent=8959"}],"curies":[{"name":"wp","href":"https:\/\/api.w.org\/{rel}","templated":true}]}}